{"id":8,"date":"2019-07-31T20:32:38","date_gmt":"2019-07-31T18:32:38","guid":{"rendered":"http:\/\/www.reg-law.de\/?page_id=8"},"modified":"2020-01-27T14:23:25","modified_gmt":"2020-01-27T12:23:25","slug":"willkommen","status":"publish","type":"page","link":"https:\/\/www.reg-law.de\/pl\/","title":{"rendered":"Witamy REG Ivo Reginka"},"content":{"rendered":"<p><br>\n<!--StartFragment--><\/p>\n\n\n<h1 class=\"wp-block-heading\"><\/h1>\n\n\n\n<p>Kancelaria Prawna specjalizuj\u0105ca si\u0119 w europowschodnim prawie  gospodarczym z sieci\u0105 niemiecko- i angielskoj\u0119zycznych kooperacijnich  partner\u00f3w w wi\u0119kszo\u015bci pa\u0144stw Europy Wschodniej <\/p>\n\n\n\n<p>Kancelaria Prawna Ivo Reginka, REG wywodzi si\u0119 z grupy kancelarii  zrzeszaj\u0105cych oko\u0142o 40 adwokat\u00f3w i prawnik\u00f3w, kt\u00f3ra utworzy\u0142a si\u0119 w 2003  roku w Europie \u015arodkowej i Wschodniej jako spin-off jednej z  najwi\u0119kszych niemieckich sp\u00f3\u0142ek doradztwa prawnego, podatkowego i  rewident\u00f3w gospodarczych.  <\/p>\n\n\n\n<h2 class=\"wp-block-heading\"> Dziedziny prawa <\/h2>\n\n\n\n<p>\u203a  Mergers &#038; Acquisitions  <br>\u203a Badania Due-Diligence<br>\u203a Prawo handlowe, Prawo sp\u00f3\u0142ek<br>\u203a Prawo um\u00f3w, Leasing<br>\u203a Prawo nieruchomo\u015bci i Prawo budowlane <br>\u203a Prawo g\u00f3rnicze<br>\u203a Prawo zam\u00f3wie\u0144 publicznych<br>\u203a Prawo pracy<br>\u203a Prawo awtorske i Prawo znak\u00f3w towarowych<br>\u203a Prawo podatkowe<br>\u203a Odnawialne \u017ar\u00f3d\u0142a energii Mergers &#038; Acquisitions<\/p>\n\n\n<p><!--EndFragment--><br \/><br \/><\/p>","protected":false},"excerpt":{"rendered":"<p>Kancelaria Prawna specjalizuj\u0105ca si\u0119 w europowschodnim prawie gospodarczym z sieci\u0105 niemiecko- i angielskoj\u0119zycznych kooperacijnich partner\u00f3w w wi\u0119kszo\u015bci pa\u0144stw Europy Wschodniej Kancelaria Prawna Ivo Reginka, REG wywodzi si\u0119 z grupy kancelarii zrzeszaj\u0105cych oko\u0142o 40 adwokat\u00f3w i prawnik\u00f3w, kt\u00f3ra utworzy\u0142a si\u0119 w 2003 roku w Europie \u015arodkowej i Wschodniej jako spin-off jednej z najwi\u0119kszych niemieckich sp\u00f3\u0142ek doradztwa &hellip; <a href=\"https:\/\/www.reg-law.de\/pl\/\" class=\"more-link\">Czytaj dalej<span class=\"screen-reader-text\"> \u201eWitamy REG Ivo Reginka\u201d<\/span><\/a><\/p>\n","protected":false},"author":1,"featured_media":38,"parent":0,"menu_order":0,"comment_status":"closed","ping_status":"closed","template":"","meta":[],"translation":{"provider":"WPGlobus","version":"3.0.2","language":"pl","enabled_languages":["de","en","pl","ru","uk","bg"],"languages":{"de":{"title":true,"content":true,"excerpt":false},"en":{"title":true,"content":true,"excerpt":false},"pl":{"title":true,"content":true,"excerpt":false},"ru":{"title":true,"content":true,"excerpt":false},"uk":{"title":true,"content":true,"excerpt":false},"bg":{"title":true,"content":true,"excerpt":false}}},"_links":{"self":[{"href":"https:\/\/www.reg-law.de\/pl\/wp-json\/wp\/v2\/pages\/8"}],"collection":[{"href":"https:\/\/www.reg-law.de\/pl\/wp-json\/wp\/v2\/pages"}],"about":[{"href":"https:\/\/www.reg-law.de\/pl\/wp-json\/wp\/v2\/types\/page"}],"author":[{"embeddable":true,"href":"https:\/\/www.reg-law.de\/pl\/wp-json\/wp\/v2\/users\/1"}],"replies":[{"embeddable":true,"href":"https:\/\/www.reg-law.de\/pl\/wp-json\/wp\/v2\/comments?post=8"}],"version-history":[{"count":12,"href":"https:\/\/www.reg-law.de\/pl\/wp-json\/wp\/v2\/pages\/8\/revisions"}],"predecessor-version":[{"id":137,"href":"https:\/\/www.reg-law.de\/pl\/wp-json\/wp\/v2\/pages\/8\/revisions\/137"}],"wp:featuredmedia":[{"embeddable":true,"href":"https:\/\/www.reg-law.de\/pl\/wp-json\/wp\/v2\/media\/38"}],"wp:attachment":[{"href":"https:\/\/www.reg-law.de\/pl\/wp-json\/wp\/v2\/media?parent=8"}],"curies":[{"name":"wp","href":"https:\/\/api.w.org\/{rel}","templated":true}]}}